{"id":2,"date":"2022-10-07T18:39:36","date_gmt":"2022-10-07T16:39:36","guid":{"rendered":"http:\/\/lafermepourtous.org\/?page_id=2"},"modified":"2023-05-12T12:52:54","modified_gmt":"2023-05-12T10:52:54","slug":"lafermepourtous","status":"publish","type":"page","link":"https:\/\/lafermepourtous.org\/","title":{"rendered":"Accueil"},"content":{"rendered":"\n<blockquote class=\"wp-block-quote is-layout-flow wp-block-quote-is-layout-flow\">\n<p style=\"font-style:normal;font-weight:400\">L\u2019 accessibilit\u00e9 universelle c\u2019est donner la chance \u00e0 chacun de pouvoir exercer ses talents et d\u00e9velopper ses comp\u00e9tences \u00e0 son rythme, dans un domaine d\u2019activit\u00e9 qu\u2019il a choisi et qui cr\u00e9e de la richesse. Nous contribuons ainsi \u00e0 faire progresser la soci\u00e9t\u00e9 toute enti\u00e8re vers plus d\u2019inclusion. La mission de l\u2019association La Ferme pour Tous est de traduire cette promesse en r\u00e9alit\u00e9. Sans attendre. <\/p>\n<\/blockquote>\n\n\n<div class=\"wp-block-image\">\n<figure class=\"aligncenter size-full is-resized\"><img loading=\"lazy\" decoding=\"async\" src=\"https:\/\/lafermepourtous.org\/wp-content\/uploads\/2022\/10\/cropped-cropped-cropped-Logo_la_ferme_pour_tous-1.png\" alt=\"\" class=\"wp-image-413\" width=\"154\" height=\"154\" srcset=\"https:\/\/lafermepourtous.org\/wp-content\/uploads\/2022\/10\/cropped-cropped-cropped-Logo_la_ferme_pour_tous-1.png 250w, https:\/\/lafermepourtous.org\/wp-content\/uploads\/2022\/10\/cropped-cropped-cropped-Logo_la_ferme_pour_tous-1-150x150.png 150w\" sizes=\"(max-width: 154px) 100vw, 154px\" \/><\/figure><\/div>","protected":false},"excerpt":{"rendered":"<p>L\u2019 accessibilit\u00e9 universelle c\u2019est donner la chance \u00e0 chacun de pouvoir exercer ses talents et d\u00e9velopper ses comp\u00e9tences \u00e0 son rythme, dans un domaine d\u2019activit\u00e9 qu\u2019il a choisi et qui cr\u00e9e de la richesse. Nous contribuons ainsi \u00e0 faire progresser la soci\u00e9t\u00e9 toute enti\u00e8re vers plus d\u2019inclusion. La mission de [&hellip;]<\/p>\n","protected":false},"author":1,"featured_media":411,"parent":0,"menu_order":0,"comment_status":"closed","ping_status":"closed","template":"","meta":{"_themeisle_gutenberg_block_has_review":false,"footnotes":""},"class_list":["post-2","page","type-page","status-publish","has-post-thumbnail","hentry"],"yoast_head":"<!-- This site is optimized with the Yoast SEO plugin v21.5 - https:\/\/yoast.com\/wordpress\/plugins\/seo\/ -->\n<title>Accueil - La Ferme Pour Tous<\/title>\n<meta name=\"robots\" content=\"index, follow, max-snippet:-1, max-image-preview:large, max-video-preview:-1\" \/>\n<link rel=\"canonical\" href=\"https:\/\/lafermepourtous.org\/\" \/>\n<meta property=\"og:locale\" content=\"fr_FR\" \/>\n<meta property=\"og:type\" content=\"article\" \/>\n<meta property=\"og:title\" content=\"Accueil - La Ferme Pour Tous\" \/>\n<meta property=\"og:description\" content=\"L\u2019 accessibilit\u00e9 universelle c\u2019est donner la chance \u00e0 chacun de pouvoir exercer ses talents et d\u00e9velopper ses comp\u00e9tences \u00e0 son rythme, dans un domaine d\u2019activit\u00e9 qu\u2019il a choisi et qui cr\u00e9e de la richesse. Nous contribuons ainsi \u00e0 faire progresser la soci\u00e9t\u00e9 toute enti\u00e8re vers plus d\u2019inclusion. La mission de [&hellip;]\" \/>\n<meta property=\"og:url\" content=\"https:\/\/lafermepourtous.org\/\" \/>\n<meta property=\"og:site_name\" content=\"La Ferme Pour Tous\" \/>\n<meta property=\"article:modified_time\" content=\"2023-05-12T10:52:54+00:00\" \/>\n<meta property=\"og:image\" content=\"https:\/\/lafermepourtous.org\/wp-content\/uploads\/2022\/10\/50445471376_27e4703a3b_b.jpg\" \/>\n\t<meta property=\"og:image:width\" content=\"1024\" \/>\n\t<meta property=\"og:image:height\" content=\"683\" \/>\n\t<meta property=\"og:image:type\" content=\"image\/jpeg\" \/>\n<meta name=\"twitter:card\" content=\"summary_large_image\" \/>\n<meta name=\"twitter:label1\" content=\"Dur\u00e9e de lecture estim\u00e9e\" \/>\n\t<meta name=\"twitter:data1\" content=\"1 minute\" \/>\n<script type=\"application\/ld+json\" class=\"yoast-schema-graph\">{\"@context\":\"https:\/\/schema.org\",\"@graph\":[{\"@type\":\"WebPage\",\"@id\":\"https:\/\/lafermepourtous.org\/\",\"url\":\"https:\/\/lafermepourtous.org\/\",\"name\":\"Accueil - La Ferme Pour Tous\",\"isPartOf\":{\"@id\":\"https:\/\/lafermepourtous.org\/#website\"},\"datePublished\":\"2022-10-07T16:39:36+00:00\",\"dateModified\":\"2023-05-12T10:52:54+00:00\",\"breadcrumb\":{\"@id\":\"https:\/\/lafermepourtous.org\/#breadcrumb\"},\"inLanguage\":\"fr-FR\",\"potentialAction\":[{\"@type\":\"ReadAction\",\"target\":[\"https:\/\/lafermepourtous.org\/\"]}]},{\"@type\":\"BreadcrumbList\",\"@id\":\"https:\/\/lafermepourtous.org\/#breadcrumb\",\"itemListElement\":[{\"@type\":\"ListItem\",\"position\":1,\"name\":\"Accueil\",\"item\":\"https:\/\/lafermepourtous.org\/\"},{\"@type\":\"ListItem\",\"position\":2,\"name\":\"Accueil\"}]},{\"@type\":\"WebSite\",\"@id\":\"https:\/\/lafermepourtous.org\/#website\",\"url\":\"https:\/\/lafermepourtous.org\/\",\"name\":\"La Ferme Pour Tous\",\"description\":\"\",\"publisher\":{\"@id\":\"https:\/\/lafermepourtous.org\/#organization\"},\"potentialAction\":[{\"@type\":\"SearchAction\",\"target\":{\"@type\":\"EntryPoint\",\"urlTemplate\":\"https:\/\/lafermepourtous.org\/?s={search_term_string}\"},\"query-input\":\"required name=search_term_string\"}],\"inLanguage\":\"fr-FR\"},{\"@type\":\"Organization\",\"@id\":\"https:\/\/lafermepourtous.org\/#organization\",\"name\":\"La Ferme Pour Tous\",\"url\":\"https:\/\/lafermepourtous.org\/\",\"logo\":{\"@type\":\"ImageObject\",\"inLanguage\":\"fr-FR\",\"@id\":\"https:\/\/lafermepourtous.org\/#\/schema\/logo\/image\/\",\"url\":\"https:\/\/lafermepourtous.org\/wp-content\/uploads\/2022\/10\/cropped-cropped-cropped-Logo_la_ferme_pour_tous-1.png\",\"contentUrl\":\"https:\/\/lafermepourtous.org\/wp-content\/uploads\/2022\/10\/cropped-cropped-cropped-Logo_la_ferme_pour_tous-1.png\",\"width\":250,\"height\":250,\"caption\":\"La Ferme Pour Tous\"},\"image\":{\"@id\":\"https:\/\/lafermepourtous.org\/#\/schema\/logo\/image\/\"}}]}<\/script>\n<!-- \/ Yoast SEO plugin. -->","yoast_head_json":{"title":"Accueil - La Ferme Pour Tous","robots":{"index":"index","follow":"follow","max-snippet":"max-snippet:-1","max-image-preview":"max-image-preview:large","max-video-preview":"max-video-preview:-1"},"canonical":"https:\/\/lafermepourtous.org\/","og_locale":"fr_FR","og_type":"article","og_title":"Accueil - La Ferme Pour Tous","og_description":"L\u2019 accessibilit\u00e9 universelle c\u2019est donner la chance \u00e0 chacun de pouvoir exercer ses talents et d\u00e9velopper ses comp\u00e9tences \u00e0 son rythme, dans un domaine d\u2019activit\u00e9 qu\u2019il a choisi et qui cr\u00e9e de la richesse. Nous contribuons ainsi \u00e0 faire progresser la soci\u00e9t\u00e9 toute enti\u00e8re vers plus d\u2019inclusion. La mission de [&hellip;]","og_url":"https:\/\/lafermepourtous.org\/","og_site_name":"La Ferme Pour Tous","article_modified_time":"2023-05-12T10:52:54+00:00","og_image":[{"width":1024,"height":683,"url":"https:\/\/lafermepourtous.org\/wp-content\/uploads\/2022\/10\/50445471376_27e4703a3b_b.jpg","type":"image\/jpeg"}],"twitter_card":"summary_large_image","twitter_misc":{"Dur\u00e9e de lecture estim\u00e9e":"1 minute"},"schema":{"@context":"https:\/\/schema.org","@graph":[{"@type":"WebPage","@id":"https:\/\/lafermepourtous.org\/","url":"https:\/\/lafermepourtous.org\/","name":"Accueil - La Ferme Pour Tous","isPartOf":{"@id":"https:\/\/lafermepourtous.org\/#website"},"datePublished":"2022-10-07T16:39:36+00:00","dateModified":"2023-05-12T10:52:54+00:00","breadcrumb":{"@id":"https:\/\/lafermepourtous.org\/#breadcrumb"},"inLanguage":"fr-FR","potentialAction":[{"@type":"ReadAction","target":["https:\/\/lafermepourtous.org\/"]}]},{"@type":"BreadcrumbList","@id":"https:\/\/lafermepourtous.org\/#breadcrumb","itemListElement":[{"@type":"ListItem","position":1,"name":"Accueil","item":"https:\/\/lafermepourtous.org\/"},{"@type":"ListItem","position":2,"name":"Accueil"}]},{"@type":"WebSite","@id":"https:\/\/lafermepourtous.org\/#website","url":"https:\/\/lafermepourtous.org\/","name":"La Ferme Pour Tous","description":"","publisher":{"@id":"https:\/\/lafermepourtous.org\/#organization"},"potentialAction":[{"@type":"SearchAction","target":{"@type":"EntryPoint","urlTemplate":"https:\/\/lafermepourtous.org\/?s={search_term_string}"},"query-input":"required name=search_term_string"}],"inLanguage":"fr-FR"},{"@type":"Organization","@id":"https:\/\/lafermepourtous.org\/#organization","name":"La Ferme Pour Tous","url":"https:\/\/lafermepourtous.org\/","logo":{"@type":"ImageObject","inLanguage":"fr-FR","@id":"https:\/\/lafermepourtous.org\/#\/schema\/logo\/image\/","url":"https:\/\/lafermepourtous.org\/wp-content\/uploads\/2022\/10\/cropped-cropped-cropped-Logo_la_ferme_pour_tous-1.png","contentUrl":"https:\/\/lafermepourtous.org\/wp-content\/uploads\/2022\/10\/cropped-cropped-cropped-Logo_la_ferme_pour_tous-1.png","width":250,"height":250,"caption":"La Ferme Pour Tous"},"image":{"@id":"https:\/\/lafermepourtous.org\/#\/schema\/logo\/image\/"}}]}},"_links":{"self":[{"href":"https:\/\/lafermepourtous.org\/index.php\/wp-json\/wp\/v2\/pages\/2"}],"collection":[{"href":"https:\/\/lafermepourtous.org\/index.php\/wp-json\/wp\/v2\/pages"}],"about":[{"href":"https:\/\/lafermepourtous.org\/index.php\/wp-json\/wp\/v2\/types\/page"}],"author":[{"embeddable":true,"href":"https:\/\/lafermepourtous.org\/index.php\/wp-json\/wp\/v2\/users\/1"}],"replies":[{"embeddable":true,"href":"https:\/\/lafermepourtous.org\/index.php\/wp-json\/wp\/v2\/comments?post=2"}],"version-history":[{"count":56,"href":"https:\/\/lafermepourtous.org\/index.php\/wp-json\/wp\/v2\/pages\/2\/revisions"}],"predecessor-version":[{"id":1050,"href":"https:\/\/lafermepourtous.org\/index.php\/wp-json\/wp\/v2\/pages\/2\/revisions\/1050"}],"wp:featuredmedia":[{"embeddable":true,"href":"https:\/\/lafermepourtous.org\/index.php\/wp-json\/wp\/v2\/media\/411"}],"wp:attachment":[{"href":"https:\/\/lafermepourtous.org\/index.php\/wp-json\/wp\/v2\/media?parent=2"}],"curies":[{"name":"wp","href":"https:\/\/api.w.org\/{rel}","templated":true}]}}