{"id":721,"date":"2022-10-31T19:12:53","date_gmt":"2022-10-31T18:12:53","guid":{"rendered":"https:\/\/lafermepourtous.org\/?page_id=721"},"modified":"2022-10-31T19:12:54","modified_gmt":"2022-10-31T18:12:54","slug":"demande-dadhesion","status":"publish","type":"page","link":"https:\/\/lafermepourtous.org\/index.php\/demande-dadhesion\/","title":{"rendered":"Demande d\u2019adh\u00e9sion"},"content":{"rendered":"<div class=\"wpforms-container wpforms-container-full wpforms-block\" id=\"wpforms-696\"><form id=\"wpforms-form-696\" class=\"wpforms-validate wpforms-form wpforms-ajax-form\" data-formid=\"696\" method=\"post\" enctype=\"multipart\/form-data\" action=\"\/index.php\/wp-json\/wp\/v2\/pages\/721\" data-token=\"1dc4ab042576a8c6b3baeb2852398a58\"><noscript class=\"wpforms-error-noscript\">Veuillez activer JavaScript dans votre navigateur pour remplir ce formulaire.<\/noscript><div class=\"wpforms-field-container\"><div id=\"wpforms-696-field_0-container\" class=\"wpforms-field wpforms-field-name\" data-field-id=\"0\"><label class=\"wpforms-field-label\" for=\"wpforms-696-field_0\">Identit\u00e9 <span class=\"wpforms-required-label\">*<\/span><\/label><div class=\"wpforms-field-row wpforms-field-medium\"><div class=\"wpforms-field-row-block wpforms-first wpforms-one-half\"><input type=\"text\" id=\"wpforms-696-field_0\" class=\"wpforms-field-name-first wpforms-field-required\" name=\"wpforms[fields][0][first]\" required><label for=\"wpforms-696-field_0\" class=\"wpforms-field-sublabel after \">Pr\u00e9nom<\/label><\/div><div class=\"wpforms-field-row-block wpforms-one-half\"><input type=\"text\" id=\"wpforms-696-field_0-last\" class=\"wpforms-field-name-last wpforms-field-required\" name=\"wpforms[fields][0][last]\" required><label for=\"wpforms-696-field_0-last\" class=\"wpforms-field-sublabel after \">Nom<\/label><\/div><\/div><\/div><div id=\"wpforms-696-field_23-container\" class=\"wpforms-field wpforms-field-text\" data-field-id=\"23\"><label class=\"wpforms-field-label\" for=\"wpforms-696-field_23\">Adresse <span class=\"wpforms-required-label\">*<\/span><\/label><input type=\"text\" id=\"wpforms-696-field_23\" class=\"wpforms-field-medium wpforms-field-required\" name=\"wpforms[fields][23]\" required><\/div><div id=\"wpforms-696-field_24-container\" class=\"wpforms-field wpforms-field-text\" data-field-id=\"24\"><label class=\"wpforms-field-label\" for=\"wpforms-696-field_24\">Code postal <span class=\"wpforms-required-label\">*<\/span><\/label><input type=\"text\" id=\"wpforms-696-field_24\" class=\"wpforms-field-small wpforms-field-required wpforms-limit-characters-enabled\" data-form-id=\"696\" data-field-id=\"24\" data-text-limit=\"5\" name=\"wpforms[fields][24]\" maxlength=\"5\" required><\/div><div id=\"wpforms-696-field_1-container\" class=\"wpforms-field wpforms-field-email\" data-field-id=\"1\"><label class=\"wpforms-field-label\" for=\"wpforms-696-field_1\">Courriel <span class=\"wpforms-required-label\">*<\/span><\/label><input type=\"email\" id=\"wpforms-696-field_1\" class=\"wpforms-field-medium wpforms-field-required\" name=\"wpforms[fields][1]\" spellcheck=\"false\" required><\/div><div id=\"wpforms-696-field_25-container\" class=\"wpforms-field wpforms-field-number\" data-field-id=\"25\"><label class=\"wpforms-field-label\" for=\"wpforms-696-field_25\">Num\u00e9ro de t\u00e9l\u00e9phone <span class=\"wpforms-required-label\">*<\/span><\/label><input type=\"number\" pattern=\"\\d*\" id=\"wpforms-696-field_25\" class=\"wpforms-field-small wpforms-field-required\" name=\"wpforms[fields][25]\" required><\/div><div id=\"wpforms-696-field_26-container\" class=\"wpforms-field wpforms-field-textarea\" data-field-id=\"26\"><label class=\"wpforms-field-label\" for=\"wpforms-696-field_26\">Indiquez ici les raisons pour lesquelles vous souhaitez adh\u00e9rer (conform\u00e9ment aux statuts la demande sera revue par le bureau de l&#039;association) <span class=\"wpforms-required-label\">*<\/span><\/label><textarea id=\"wpforms-696-field_26\" class=\"wpforms-field-medium wpforms-field-required\" name=\"wpforms[fields][26]\" required><\/textarea><\/div><div id=\"wpforms-696-field_17-container\" class=\"wpforms-field wpforms-field-checkbox\" data-field-id=\"17\"><label class=\"wpforms-field-label\" for=\"wpforms-696-field_17\">Consentement <span class=\"wpforms-required-label\">*<\/span><\/label><ul id=\"wpforms-696-field_17\" class=\"wpforms-field-required\"><li class=\"choice-1 depth-1\"><input type=\"checkbox\" id=\"wpforms-696-field_17_1\" name=\"wpforms[fields][17][]\" value=\"J&#039;accepte le traitement de mes donn\u00e9es \u00e0 caract\u00e8re personnel comme indiqu\u00e9 ci-dessous\" required ><label class=\"wpforms-field-label-inline\" for=\"wpforms-696-field_17_1\">J&#8217;accepte le traitement de mes donn\u00e9es \u00e0 caract\u00e8re personnel comme indiqu\u00e9 ci-dessous<\/label><\/li><\/ul><div class=\"wpforms-field-description\">Conform\u00e9ment aux dispositions du R\u00e8glement n\u00b02016\/679, dit R\u00e8glement G\u00e9n\u00e9ral sur la Protection des Donn\u00e9es, les donn\u00e9es \u00e0 caract\u00e8re personnel recueillies par l\u2019association La Ferme pour Tous, ayant pour finalit\u00e9 la demande d&#8217;adh\u00e9sion seront conserv\u00e9es durant l&#8217;examen de la demande. Vous pouvez exercer vos droits d&#8217;acc\u00e8s, de rectification, de limitation, d&#8217;opposition et d&#8217;effacement en \u00e9crivant par courrier \u00e0: Association La Ferme Pour Tous &#8211; 1 bis rue des Capucins &#8211; 92190 Meudon ou par courriel: dpd@lafermerpourtous.org et b\u00e9n\u00e9ficiez de la possibilit\u00e9 d&#8217;introduire une r\u00e9clamation aupr\u00e8s de l&#8217;autorit\u00e9 de contr\u00f4le (www.cnil.fr).\r\n\r\nPour en savoir plus consultez la Politique de Confidentialit\u00e9 disponible sur le site\r\n<\/div><\/div><\/div><!-- .wpforms-field-container --><div class=\"wpforms-recaptcha-container wpforms-is-hcaptcha\" ><div class=\"g-recaptcha\" data-sitekey=\"c15b121a-06a2-4c62-94ee-7f29244e6d51\"><\/div><input type=\"text\" name=\"g-recaptcha-hidden\" class=\"wpforms-recaptcha-hidden\" style=\"position:absolute!important;clip:rect(0,0,0,0)!important;height:1px!important;width:1px!important;border:0!important;overflow:hidden!important;padding:0!important;margin:0!important;\" data-rule-hcaptcha=\"1\"><\/div><div class=\"wpforms-submit-container\" ><input type=\"hidden\" name=\"wpforms[id]\" value=\"696\"><input type=\"hidden\" name=\"wpforms[author]\" value=\"1\"><button type=\"submit\" name=\"wpforms[submit]\" id=\"wpforms-submit-696\" class=\"wpforms-submit\" data-alt-text=\"Envoi en cours\" data-submit-text=\"Envoyez votre message\" aria-live=\"assertive\" value=\"wpforms-submit\">Envoyez votre message<\/button><img loading=\"lazy\" decoding=\"async\" src=\"https:\/\/lafermepourtous.org\/wp-content\/plugins\/wpforms-lite\/assets\/images\/submit-spin.svg\" class=\"wpforms-submit-spinner\" style=\"display: none;\" width=\"26\" height=\"26\" alt=\"Chargement en cours\"><\/div><\/form><\/div>  <!-- .wpforms-container -->","protected":false},"excerpt":{"rendered":"","protected":false},"author":1,"featured_media":0,"parent":0,"menu_order":0,"comment_status":"closed","ping_status":"closed","template":"","meta":{"_themeisle_gutenberg_block_has_review":false,"footnotes":""},"class_list":["post-721","page","type-page","status-publish","hentry"],"yoast_head":"<!-- This site is optimized with the Yoast SEO plugin v21.5 - https:\/\/yoast.com\/wordpress\/plugins\/seo\/ -->\n<title>Demande d\u2019adh\u00e9sion - La Ferme Pour Tous<\/title>\n<meta name=\"robots\" content=\"index, follow, max-snippet:-1, max-image-preview:large, max-video-preview:-1\" \/>\n<link rel=\"canonical\" href=\"https:\/\/lafermepourtous.org\/index.php\/demande-dadhesion\/\" \/>\n<meta property=\"og:locale\" content=\"fr_FR\" \/>\n<meta property=\"og:type\" content=\"article\" \/>\n<meta property=\"og:title\" content=\"Demande d\u2019adh\u00e9sion - La Ferme Pour Tous\" \/>\n<meta property=\"og:url\" content=\"https:\/\/lafermepourtous.org\/index.php\/demande-dadhesion\/\" \/>\n<meta property=\"og:site_name\" content=\"La Ferme Pour Tous\" \/>\n<meta property=\"article:modified_time\" content=\"2022-10-31T18:12:54+00:00\" \/>\n<meta name=\"twitter:card\" content=\"summary_large_image\" \/>\n<script type=\"application\/ld+json\" class=\"yoast-schema-graph\">{\"@context\":\"https:\/\/schema.org\",\"@graph\":[{\"@type\":\"WebPage\",\"@id\":\"https:\/\/lafermepourtous.org\/index.php\/demande-dadhesion\/\",\"url\":\"https:\/\/lafermepourtous.org\/index.php\/demande-dadhesion\/\",\"name\":\"Demande d\u2019adh\u00e9sion - La Ferme Pour Tous\",\"isPartOf\":{\"@id\":\"https:\/\/lafermepourtous.org\/#website\"},\"datePublished\":\"2022-10-31T18:12:53+00:00\",\"dateModified\":\"2022-10-31T18:12:54+00:00\",\"breadcrumb\":{\"@id\":\"https:\/\/lafermepourtous.org\/index.php\/demande-dadhesion\/#breadcrumb\"},\"inLanguage\":\"fr-FR\",\"potentialAction\":[{\"@type\":\"ReadAction\",\"target\":[\"https:\/\/lafermepourtous.org\/index.php\/demande-dadhesion\/\"]}]},{\"@type\":\"BreadcrumbList\",\"@id\":\"https:\/\/lafermepourtous.org\/index.php\/demande-dadhesion\/#breadcrumb\",\"itemListElement\":[{\"@type\":\"ListItem\",\"position\":1,\"name\":\"Accueil\",\"item\":\"https:\/\/lafermepourtous.org\/\"},{\"@type\":\"ListItem\",\"position\":2,\"name\":\"Demande d\u2019adh\u00e9sion\"}]},{\"@type\":\"WebSite\",\"@id\":\"https:\/\/lafermepourtous.org\/#website\",\"url\":\"https:\/\/lafermepourtous.org\/\",\"name\":\"La Ferme Pour Tous\",\"description\":\"\",\"publisher\":{\"@id\":\"https:\/\/lafermepourtous.org\/#organization\"},\"potentialAction\":[{\"@type\":\"SearchAction\",\"target\":{\"@type\":\"EntryPoint\",\"urlTemplate\":\"https:\/\/lafermepourtous.org\/?s={search_term_string}\"},\"query-input\":\"required name=search_term_string\"}],\"inLanguage\":\"fr-FR\"},{\"@type\":\"Organization\",\"@id\":\"https:\/\/lafermepourtous.org\/#organization\",\"name\":\"La Ferme Pour Tous\",\"url\":\"https:\/\/lafermepourtous.org\/\",\"logo\":{\"@type\":\"ImageObject\",\"inLanguage\":\"fr-FR\",\"@id\":\"https:\/\/lafermepourtous.org\/#\/schema\/logo\/image\/\",\"url\":\"https:\/\/lafermepourtous.org\/wp-content\/uploads\/2022\/10\/cropped-cropped-cropped-Logo_la_ferme_pour_tous-1.png\",\"contentUrl\":\"https:\/\/lafermepourtous.org\/wp-content\/uploads\/2022\/10\/cropped-cropped-cropped-Logo_la_ferme_pour_tous-1.png\",\"width\":250,\"height\":250,\"caption\":\"La Ferme Pour Tous\"},\"image\":{\"@id\":\"https:\/\/lafermepourtous.org\/#\/schema\/logo\/image\/\"}}]}<\/script>\n<!-- \/ Yoast SEO plugin. -->","yoast_head_json":{"title":"Demande d\u2019adh\u00e9sion - La Ferme Pour Tous","robots":{"index":"index","follow":"follow","max-snippet":"max-snippet:-1","max-image-preview":"max-image-preview:large","max-video-preview":"max-video-preview:-1"},"canonical":"https:\/\/lafermepourtous.org\/index.php\/demande-dadhesion\/","og_locale":"fr_FR","og_type":"article","og_title":"Demande d\u2019adh\u00e9sion - La Ferme Pour Tous","og_url":"https:\/\/lafermepourtous.org\/index.php\/demande-dadhesion\/","og_site_name":"La Ferme Pour Tous","article_modified_time":"2022-10-31T18:12:54+00:00","twitter_card":"summary_large_image","schema":{"@context":"https:\/\/schema.org","@graph":[{"@type":"WebPage","@id":"https:\/\/lafermepourtous.org\/index.php\/demande-dadhesion\/","url":"https:\/\/lafermepourtous.org\/index.php\/demande-dadhesion\/","name":"Demande d\u2019adh\u00e9sion - La Ferme Pour Tous","isPartOf":{"@id":"https:\/\/lafermepourtous.org\/#website"},"datePublished":"2022-10-31T18:12:53+00:00","dateModified":"2022-10-31T18:12:54+00:00","breadcrumb":{"@id":"https:\/\/lafermepourtous.org\/index.php\/demande-dadhesion\/#breadcrumb"},"inLanguage":"fr-FR","potentialAction":[{"@type":"ReadAction","target":["https:\/\/lafermepourtous.org\/index.php\/demande-dadhesion\/"]}]},{"@type":"BreadcrumbList","@id":"https:\/\/lafermepourtous.org\/index.php\/demande-dadhesion\/#breadcrumb","itemListElement":[{"@type":"ListItem","position":1,"name":"Accueil","item":"https:\/\/lafermepourtous.org\/"},{"@type":"ListItem","position":2,"name":"Demande d\u2019adh\u00e9sion"}]},{"@type":"WebSite","@id":"https:\/\/lafermepourtous.org\/#website","url":"https:\/\/lafermepourtous.org\/","name":"La Ferme Pour Tous","description":"","publisher":{"@id":"https:\/\/lafermepourtous.org\/#organization"},"potentialAction":[{"@type":"SearchAction","target":{"@type":"EntryPoint","urlTemplate":"https:\/\/lafermepourtous.org\/?s={search_term_string}"},"query-input":"required name=search_term_string"}],"inLanguage":"fr-FR"},{"@type":"Organization","@id":"https:\/\/lafermepourtous.org\/#organization","name":"La Ferme Pour Tous","url":"https:\/\/lafermepourtous.org\/","logo":{"@type":"ImageObject","inLanguage":"fr-FR","@id":"https:\/\/lafermepourtous.org\/#\/schema\/logo\/image\/","url":"https:\/\/lafermepourtous.org\/wp-content\/uploads\/2022\/10\/cropped-cropped-cropped-Logo_la_ferme_pour_tous-1.png","contentUrl":"https:\/\/lafermepourtous.org\/wp-content\/uploads\/2022\/10\/cropped-cropped-cropped-Logo_la_ferme_pour_tous-1.png","width":250,"height":250,"caption":"La Ferme Pour Tous"},"image":{"@id":"https:\/\/lafermepourtous.org\/#\/schema\/logo\/image\/"}}]}},"_links":{"self":[{"href":"https:\/\/lafermepourtous.org\/index.php\/wp-json\/wp\/v2\/pages\/721"}],"collection":[{"href":"https:\/\/lafermepourtous.org\/index.php\/wp-json\/wp\/v2\/pages"}],"about":[{"href":"https:\/\/lafermepourtous.org\/index.php\/wp-json\/wp\/v2\/types\/page"}],"author":[{"embeddable":true,"href":"https:\/\/lafermepourtous.org\/index.php\/wp-json\/wp\/v2\/users\/1"}],"replies":[{"embeddable":true,"href":"https:\/\/lafermepourtous.org\/index.php\/wp-json\/wp\/v2\/comments?post=721"}],"version-history":[{"count":1,"href":"https:\/\/lafermepourtous.org\/index.php\/wp-json\/wp\/v2\/pages\/721\/revisions"}],"predecessor-version":[{"id":722,"href":"https:\/\/lafermepourtous.org\/index.php\/wp-json\/wp\/v2\/pages\/721\/revisions\/722"}],"wp:attachment":[{"href":"https:\/\/lafermepourtous.org\/index.php\/wp-json\/wp\/v2\/media?parent=721"}],"curies":[{"name":"wp","href":"https:\/\/api.w.org\/{rel}","templated":true}]}}